{"id":1542,"date":"2024-11-24T15:10:20","date_gmt":"2024-11-24T15:10:20","guid":{"rendered":"https:\/\/seutukustannus.fi\/?page_id=1542"},"modified":"2025-12-07T13:36:03","modified_gmt":"2025-12-07T11:36:03","slug":"saarilla-ja-saaristoissa-esko-kuusisto","status":"publish","type":"page","link":"https:\/\/seutukustannus.fi\/index.php\/saarilla-ja-saaristoissa-esko-kuusisto\/","title":{"rendered":"Saarilla ja saaristoissa &#8211; Esko Kuusisto"},"content":{"rendered":"\n<p><\/p>\n\n\n\n<p>Maapallolla on ainakin kaksi miljoonaa saarta, joista joka kymmenes Suomessa. T\u00e4ss\u00e4 teoksessa k\u00e4yd\u00e4\u00e4n sadoilla saarilla, kotimaassa ja eri puolilla maailmaa.<\/p>\n\n\n\n<p>Mutta mik\u00e4 saari oikeasti on, mit\u00e4 on aito saarellisuus? Miten saaria on nimetty? Mist\u00e4 ovat saaneet nimens\u00e4 Meteliroikka ja Pirunrivi? Onko Valassaarten vesill\u00e4 n\u00e4hty valaita?<\/p>\n\n\n\n<p>Dosentti Esko Kuusisto on perehtynyt saariin ja niist\u00e4 lumoutuneena toiminut my\u00f6s Saaristoasiain neuvottelukunnassa. Matkakuvauksensa h\u00e4n aloittaa kotimaan saarilta ja p\u00e4\u00e4tyy kiert\u00e4m\u00e4\u00e4n Tyynen valtameren.<\/p>\n\n\n\n<p>&nbsp;Luontoa, historiaa, el\u00e4m\u00e4n edellytyksi\u00e4. Kulttuuriakaan ei unohdeta \u2013 onhan esimerkiksi l\u00e4nsimainen kirjallisuus saanut alkunsa Kreikan saarilla. My\u00f6s H\u00f6yhensaarilla pist\u00e4ydyt\u00e4\u00e4n ja onnellisten saarta etsit\u00e4\u00e4n, saaridekkareiden tulvaa unohtamatta.<\/p>\n","protected":false},"excerpt":{"rendered":"<p>Maapallolla on ainakin kaksi miljoonaa saarta, joista joka kymmenes Suomessa. T\u00e4ss\u00e4 teoksessa k\u00e4yd\u00e4\u00e4n sadoilla saarilla, kotimaassa ja eri puolilla maailmaa. Mutta mik\u00e4 saari oikeasti on, mit\u00e4 on aito saarellisuus? Miten saaria on nimetty? Mist\u00e4 ovat saaneet nimens\u00e4 Meteliroikka ja Pirunrivi? Onko Valassaarten vesill\u00e4 n\u00e4hty valaita? Dosentti Esko Kuusisto on perehtynyt saariin ja niist\u00e4 lumoutuneena toiminut &hellip; <\/p>\n<p class=\"link-more\"><a href=\"https:\/\/seutukustannus.fi\/index.php\/saarilla-ja-saaristoissa-esko-kuusisto\/\" class=\"more-link\">Jatka lukemista<span class=\"screen-reader-text\"> &#8221;Saarilla ja saaristoissa &#8211; Esko Kuusisto&#8221;<\/span><\/a><\/p>\n","protected":false},"author":1,"featured_media":0,"parent":0,"menu_order":0,"comment_status":"closed","ping_status":"closed","template":"","meta":{"footnotes":""},"class_list":["post-1542","page","type-page","status-publish","hentry"],"_links":{"self":[{"href":"https:\/\/seutukustannus.fi\/index.php\/wp-json\/wp\/v2\/pages\/1542","targetHints":{"allow":["GET"]}}],"collection":[{"href":"https:\/\/seutukustannus.fi\/index.php\/wp-json\/wp\/v2\/pages"}],"about":[{"href":"https:\/\/seutukustannus.fi\/index.php\/wp-json\/wp\/v2\/types\/page"}],"author":[{"embeddable":true,"href":"https:\/\/seutukustannus.fi\/index.php\/wp-json\/wp\/v2\/users\/1"}],"replies":[{"embeddable":true,"href":"https:\/\/seutukustannus.fi\/index.php\/wp-json\/wp\/v2\/comments?post=1542"}],"version-history":[{"count":4,"href":"https:\/\/seutukustannus.fi\/index.php\/wp-json\/wp\/v2\/pages\/1542\/revisions"}],"predecessor-version":[{"id":2075,"href":"https:\/\/seutukustannus.fi\/index.php\/wp-json\/wp\/v2\/pages\/1542\/revisions\/2075"}],"wp:attachment":[{"href":"https:\/\/seutukustannus.fi\/index.php\/wp-json\/wp\/v2\/media?parent=1542"}],"curies":[{"name":"wp","href":"https:\/\/api.w.org\/{rel}","templated":true}]}}