{"id":2082,"date":"2025-12-07T13:42:12","date_gmt":"2025-12-07T11:42:12","guid":{"rendered":"https:\/\/seutukustannus.fi\/?page_id=2082"},"modified":"2026-02-28T20:21:30","modified_gmt":"2026-02-28T18:21:30","slug":"kirjat-ii","status":"publish","type":"page","link":"https:\/\/seutukustannus.fi\/index.php\/kirjat-ii\/","title":{"rendered":"KIRJAT II"},"content":{"rendered":"\n<figure class=\"wp-block-image size-full\"><img loading=\"lazy\" decoding=\"async\" width=\"940\" height=\"788\" src=\"https:\/\/seutukustannus.fi\/wp-content\/uploads\/2025\/12\/Lumoava-Lumi.jpg\" alt=\"\" class=\"wp-image-2073\" srcset=\"https:\/\/seutukustannus.fi\/wp-content\/uploads\/2025\/12\/Lumoava-Lumi.jpg 940w, https:\/\/seutukustannus.fi\/wp-content\/uploads\/2025\/12\/Lumoava-Lumi-300x251.jpg 300w, https:\/\/seutukustannus.fi\/wp-content\/uploads\/2025\/12\/Lumoava-Lumi-768x644.jpg 768w\" sizes=\"auto, (max-width: 767px) 89vw, (max-width: 1000px) 54vw, (max-width: 1071px) 543px, 580px\" \/><\/figure>\n\n\n\n<p>LUMOAVA LUMI SAAPUI TAMPEREELLE 21.11.2025. JULKISTUS 30.11.2025 TAMPEREEN FESTAREILLA.<\/p>\n\n\n\n<p>Lue lis\u00e4\u00e4 <a href=\"https:\/\/seutukustannus.fi\/index.php\/lumoava-lumi-esko-kuusisto\/\">Lumoava Lumi<\/a><\/p>\n\n\n\n<figure class=\"wp-block-image size-full is-resized\"><img loading=\"lazy\" decoding=\"async\" width=\"940\" height=\"788\" src=\"https:\/\/seutukustannus.fi\/wp-content\/uploads\/2022\/03\/Metsapoluilta-poimittua-1.png\" alt=\"\" class=\"wp-image-660\" style=\"width:675px;height:565px\" srcset=\"https:\/\/seutukustannus.fi\/wp-content\/uploads\/2022\/03\/Metsapoluilta-poimittua-1.png 940w, https:\/\/seutukustannus.fi\/wp-content\/uploads\/2022\/03\/Metsapoluilta-poimittua-1-300x251.png 300w, https:\/\/seutukustannus.fi\/wp-content\/uploads\/2022\/03\/Metsapoluilta-poimittua-1-768x644.png 768w\" sizes=\"auto, (max-width: 767px) 89vw, (max-width: 1000px) 54vw, (max-width: 1071px) 543px, 580px\" \/><\/figure>\n\n\n\n<p>Dosentti Esko Kuusisto teki ty\u00f6uransa veden parissa mutta on ollut lapsuudesta asti kiinnostunut puista. T\u00e4m\u00e4 teos sis\u00e4lt\u00e4\u00e4 muistumia, pakinoita, raportteja ja esseit\u00e4 maailman mets\u00e4poluilta.<\/p>\n\n\n\n<p>Lue lis\u00e4\u00e4&nbsp;<a href=\"https:\/\/seutukustannus.fi\/index.php\/metsapoluilta-poimittua-esko-kuusisto\/\">Mets\u00e4poluilta poimittua<\/a><\/p>\n\n\n\n<figure class=\"wp-block-image size-large\"><img loading=\"lazy\" decoding=\"async\" width=\"940\" height=\"788\" src=\"https:\/\/seutukustannus.fi\/wp-content\/uploads\/2025\/04\/Kirjat_kuva8_korjattu.jpg\" alt=\"\" class=\"wp-image-1768\" srcset=\"https:\/\/seutukustannus.fi\/wp-content\/uploads\/2025\/04\/Kirjat_kuva8_korjattu.jpg 940w, https:\/\/seutukustannus.fi\/wp-content\/uploads\/2025\/04\/Kirjat_kuva8_korjattu-300x251.jpg 300w, https:\/\/seutukustannus.fi\/wp-content\/uploads\/2025\/04\/Kirjat_kuva8_korjattu-768x644.jpg 768w\" sizes=\"auto, (max-width: 767px) 89vw, (max-width: 1000px) 54vw, (max-width: 1071px) 543px, 580px\" \/><\/figure>\n\n\n\n<p>Lue lis\u00e4\u00e4 <a href=\"https:\/\/seutukustannus.fi\/index.php\/saarilla-ja-saaristoissa-esko-kuusisto\/\">Saarilla ja saaristoissa<\/a><\/p>\n\n\n\n<figure class=\"wp-block-image size-full\"><img loading=\"lazy\" decoding=\"async\" width=\"940\" height=\"788\" src=\"https:\/\/seutukustannus.fi\/wp-content\/uploads\/2022\/11\/Vesi-muistatko.jpeg\" alt=\"\" class=\"wp-image-964\" srcset=\"https:\/\/seutukustannus.fi\/wp-content\/uploads\/2022\/11\/Vesi-muistatko.jpeg 940w, https:\/\/seutukustannus.fi\/wp-content\/uploads\/2022\/11\/Vesi-muistatko-300x251.jpeg 300w, https:\/\/seutukustannus.fi\/wp-content\/uploads\/2022\/11\/Vesi-muistatko-768x644.jpeg 768w\" sizes=\"auto, (max-width: 767px) 89vw, (max-width: 1000px) 54vw, (max-width: 1071px) 543px, 580px\" \/><\/figure>\n\n\n\n<p>Lue lis\u00e4\u00e4: <a href=\"https:\/\/seutukustannus.fi\/index.php\/vesi-muistatko\/\">Vesi, muistatko?<\/a><\/p>\n\n\n\n<figure class=\"wp-block-image size-full\"><img loading=\"lazy\" decoding=\"async\" width=\"940\" height=\"788\" src=\"https:\/\/seutukustannus.fi\/wp-content\/uploads\/2022\/03\/Rakkaus-Matkalla-1.png\" alt=\"\" class=\"wp-image-659\" srcset=\"https:\/\/seutukustannus.fi\/wp-content\/uploads\/2022\/03\/Rakkaus-Matkalla-1.png 940w, https:\/\/seutukustannus.fi\/wp-content\/uploads\/2022\/03\/Rakkaus-Matkalla-1-300x251.png 300w, https:\/\/seutukustannus.fi\/wp-content\/uploads\/2022\/03\/Rakkaus-Matkalla-1-768x644.png 768w\" sizes=\"auto, (max-width: 767px) 89vw, (max-width: 1000px) 54vw, (max-width: 1071px) 543px, 580px\" \/><\/figure>\n\n\n\n<p>Rakkaus matkalla on tamperelaisen psykoterapeuttina ja opettajana toimineen Anna Autiosaaren esikoisromaani.<\/p>\n\n\n\n<p>Lue lis\u00e4\u00e4 <a href=\"https:\/\/seutukustannus.fi\/index.php\/rakkaus-matkalla-anna-autiosaari\/\">Rakkaus matkalla<\/a><\/p>\n\n\n\n<figure class=\"wp-block-image size-full\"><img loading=\"lazy\" decoding=\"async\" width=\"940\" height=\"788\" src=\"https:\/\/seutukustannus.fi\/wp-content\/uploads\/2022\/11\/Sarvipolyn-salaisuus.jpg\" alt=\"\" class=\"wp-image-960\" srcset=\"https:\/\/seutukustannus.fi\/wp-content\/uploads\/2022\/11\/Sarvipolyn-salaisuus.jpg 940w, https:\/\/seutukustannus.fi\/wp-content\/uploads\/2022\/11\/Sarvipolyn-salaisuus-300x251.jpg 300w, https:\/\/seutukustannus.fi\/wp-content\/uploads\/2022\/11\/Sarvipolyn-salaisuus-768x644.jpg 768w\" sizes=\"auto, (max-width: 767px) 89vw, (max-width: 1000px) 54vw, (max-width: 1071px) 543px, 580px\" \/><\/figure>\n\n\n\n<p>Lue lis\u00e4\u00e4: <a href=\"https:\/\/seutukustannus.fi\/index.php\/sarvipolyn-salaisuus\/\">Sarvip\u00f6lyn salaisuus<\/a><\/p>\n\n\n\n<figure class=\"wp-block-image size-full\"><img loading=\"lazy\" decoding=\"async\" width=\"940\" height=\"788\" src=\"https:\/\/seutukustannus.fi\/wp-content\/uploads\/2023\/08\/Kirjat_kuva6.jpg\" alt=\"\" class=\"wp-image-1164\" srcset=\"https:\/\/seutukustannus.fi\/wp-content\/uploads\/2023\/08\/Kirjat_kuva6.jpg 940w, https:\/\/seutukustannus.fi\/wp-content\/uploads\/2023\/08\/Kirjat_kuva6-300x251.jpg 300w, https:\/\/seutukustannus.fi\/wp-content\/uploads\/2023\/08\/Kirjat_kuva6-768x644.jpg 768w\" sizes=\"auto, (max-width: 767px) 89vw, (max-width: 1000px) 54vw, (max-width: 1071px) 543px, 580px\" \/><\/figure>\n\n\n\n<p class=\"has-small-font-size\">Lue lis\u00e4\u00e4 <a href=\"http:\/\/seutukustannus.fi\/index.php\/ystavysten-yhdistys\" data-type=\"URL\" data-id=\"seutukustannus.fi\/index.php\/ystavysten-yhdistys\" target=\"_blank\" rel=\"noreferrer noopener\">Yst\u00e4v<\/a><a href=\"http:\/\/seutukustannus.fi\/index.php\/ystavysten-yhdistys\" data-type=\"URL\" data-id=\"seutukustannus.fi\/index.php\/ystavysten-yhdistys\">ysten yhdistys<\/a><\/p>\n\n\n\n<p>Kirja on loppuunmyyty.<\/p>\n","protected":false},"excerpt":{"rendered":"<p>LUMOAVA LUMI SAAPUI TAMPEREELLE 21.11.2025. JULKISTUS 30.11.2025 TAMPEREEN FESTAREILLA. Lue lis\u00e4\u00e4 Lumoava Lumi Dosentti Esko Kuusisto teki ty\u00f6uransa veden parissa mutta on ollut lapsuudesta asti kiinnostunut puista. T\u00e4m\u00e4 teos sis\u00e4lt\u00e4\u00e4 muistumia, pakinoita, raportteja ja esseit\u00e4 maailman mets\u00e4poluilta. Lue lis\u00e4\u00e4&nbsp;Mets\u00e4poluilta poimittua Lue lis\u00e4\u00e4 Saarilla ja saaristoissa Lue lis\u00e4\u00e4: Vesi, muistatko? Rakkaus matkalla on tamperelaisen psykoterapeuttina ja &hellip; <\/p>\n<p class=\"link-more\"><a href=\"https:\/\/seutukustannus.fi\/index.php\/kirjat-ii\/\" class=\"more-link\">Jatka lukemista<span class=\"screen-reader-text\"> &#8221;KIRJAT II&#8221;<\/span><\/a><\/p>\n","protected":false},"author":1,"featured_media":0,"parent":0,"menu_order":0,"comment_status":"closed","ping_status":"closed","template":"","meta":{"footnotes":""},"class_list":["post-2082","page","type-page","status-publish","hentry"],"_links":{"self":[{"href":"https:\/\/seutukustannus.fi\/index.php\/wp-json\/wp\/v2\/pages\/2082","targetHints":{"allow":["GET"]}}],"collection":[{"href":"https:\/\/seutukustannus.fi\/index.php\/wp-json\/wp\/v2\/pages"}],"about":[{"href":"https:\/\/seutukustannus.fi\/index.php\/wp-json\/wp\/v2\/types\/page"}],"author":[{"embeddable":true,"href":"https:\/\/seutukustannus.fi\/index.php\/wp-json\/wp\/v2\/users\/1"}],"replies":[{"embeddable":true,"href":"https:\/\/seutukustannus.fi\/index.php\/wp-json\/wp\/v2\/comments?post=2082"}],"version-history":[{"count":9,"href":"https:\/\/seutukustannus.fi\/index.php\/wp-json\/wp\/v2\/pages\/2082\/revisions"}],"predecessor-version":[{"id":2141,"href":"https:\/\/seutukustannus.fi\/index.php\/wp-json\/wp\/v2\/pages\/2082\/revisions\/2141"}],"wp:attachment":[{"href":"https:\/\/seutukustannus.fi\/index.php\/wp-json\/wp\/v2\/media?parent=2082"}],"curies":[{"name":"wp","href":"https:\/\/api.w.org\/{rel}","templated":true}]}}