{"id":966,"date":"2022-11-28T18:12:42","date_gmt":"2022-11-28T18:12:42","guid":{"rendered":"https:\/\/seutukustannus.fi\/?page_id=966"},"modified":"2022-11-28T18:37:00","modified_gmt":"2022-11-28T18:37:00","slug":"sarvipolyn-salaisuus","status":"publish","type":"page","link":"https:\/\/seutukustannus.fi\/index.php\/sarvipolyn-salaisuus\/","title":{"rendered":"Sarvip\u00f6lyn salaisuus &#8211; Tuulia Heikkil\u00e4"},"content":{"rendered":"\n<p>Heikkil\u00e4, Tuulia \/ Kirjoittaja, KM, luokanopettaja<\/p>\n\n\n\n<p>Andersson, Nils-Petter \/ Kuvittaja, Principal Technical Artist<\/p>\n\n\n\n<p>Ekaluokkalainen Atro keksi idean kaverinsa Rosan lukupulmaan:<br>hankitaan koulukoira. Mutta Tuulikki-opettajan allergia torppasi ajatuksen. Mik\u00e4 auttaisi Rosaa? Voisiko pehmoleluista olla apua oppimiseen? Ja mit\u00e4 ihmett\u00e4 on sarvip\u00f6ly?<\/p>\n","protected":false},"excerpt":{"rendered":"<p>Heikkil\u00e4, Tuulia \/ Kirjoittaja, KM, luokanopettaja Andersson, Nils-Petter \/ Kuvittaja, Principal Technical Artist Ekaluokkalainen Atro keksi idean kaverinsa Rosan lukupulmaan:hankitaan koulukoira. Mutta Tuulikki-opettajan allergia torppasi ajatuksen. Mik\u00e4 auttaisi Rosaa? Voisiko pehmoleluista olla apua oppimiseen? Ja mit\u00e4 ihmett\u00e4 on sarvip\u00f6ly?<\/p>\n","protected":false},"author":1,"featured_media":0,"parent":0,"menu_order":0,"comment_status":"closed","ping_status":"closed","template":"","meta":{"footnotes":""},"class_list":["post-966","page","type-page","status-publish","hentry"],"_links":{"self":[{"href":"https:\/\/seutukustannus.fi\/index.php\/wp-json\/wp\/v2\/pages\/966","targetHints":{"allow":["GET"]}}],"collection":[{"href":"https:\/\/seutukustannus.fi\/index.php\/wp-json\/wp\/v2\/pages"}],"about":[{"href":"https:\/\/seutukustannus.fi\/index.php\/wp-json\/wp\/v2\/types\/page"}],"author":[{"embeddable":true,"href":"https:\/\/seutukustannus.fi\/index.php\/wp-json\/wp\/v2\/users\/1"}],"replies":[{"embeddable":true,"href":"https:\/\/seutukustannus.fi\/index.php\/wp-json\/wp\/v2\/comments?post=966"}],"version-history":[{"count":5,"href":"https:\/\/seutukustannus.fi\/index.php\/wp-json\/wp\/v2\/pages\/966\/revisions"}],"predecessor-version":[{"id":977,"href":"https:\/\/seutukustannus.fi\/index.php\/wp-json\/wp\/v2\/pages\/966\/revisions\/977"}],"wp:attachment":[{"href":"https:\/\/seutukustannus.fi\/index.php\/wp-json\/wp\/v2\/media?parent=966"}],"curies":[{"name":"wp","href":"https:\/\/api.w.org\/{rel}","templated":true}]}}